
{"id":4091,"date":"2020-04-05T20:31:26","date_gmt":"2020-04-05T23:31:26","guid":{"rendered":"https:\/\/www.revistas.usp.br\/wp\/?page_id=4091"},"modified":"2026-03-10T08:20:42","modified_gmt":"2026-03-10T11:20:42","slug":"comite-cientifico","status":"publish","type":"page","link":"https:\/\/revistas.usp.br\/wp\/comite-cientifico\/","title":{"rendered":"Comit\u00ea Cient\u00edfico"},"content":{"rendered":"<p><strong>Universidade de S\u00e3o Paulo &#8211; Ag\u00eancia de Bibliotecas e Cole\u00e7\u00f5es Digitais<\/strong><\/p>\n<p><strong>Reitor <\/strong>Prof. Dr. Aluisio Augusto Cotrim Segurado<\/p>\n<p><strong>Vice-Reitora <\/strong>Profa. Dra. Liedi L\u00e9gi Bariani Bernucci<\/p>\n<p><strong>Comit\u00ea Cient\u00edfico do Programa de Apoio \u00e0s Publica\u00e7\u00f5es Cient\u00edficas Peri\u00f3dicas da USP (2026-\u00a0 \u00a0 \u00a0 \u00a0)<\/strong><\/p>\n<p><strong>Presidente:<\/strong> Prof. Dr. Francisco Carlos Paletta &#8211; ABCD\/ECA\/USP<\/p>\n<p><strong>Coordena\u00e7\u00e3o Executiva:<\/strong> Bibliotec\u00e1ria Dra. Elisabeth Adriana Dudziak &#8211; ABCD\/USP<\/p>\n<p>Os membros docentes de cada \u00e1rea ser\u00e3o designados em breve, bem como os bibliotec\u00e1rios representantes.<\/p>\n\n\n<p>Confira informa\u00e7\u00f5es sobre os<strong> <a href=\"https:\/\/www.abcd.usp.br\/iniciativas\/apoio-as-revistas-usp\/comissao-credenciamento-revistas-usp\/\" target=\"_blank\" rel=\"noreferrer noopener\">Comit\u00eas Cient\u00edficos anteriores<\/a> <\/strong>e sobre o <a href=\"https:\/\/www.abcd.usp.br\/iniciativas\/apoio-as-revistas-usp\/historico-programa-apoio-revistas-usp\/\" target=\"_blank\" rel=\"noreferrer noopener\"><strong>hist\u00f3rico<\/strong><\/a> do Programa de Apoio \u00e0s Publica\u00e7\u00f5es Cient\u00edficas Peri\u00f3dicas da USP.<\/p>\n","protected":false},"excerpt":{"rendered":"<p>Universidade de S\u00e3o Paulo &#8211; Ag\u00eancia de Bibliotecas e Cole\u00e7\u00f5es Digitais Reitor Prof. Dr. Aluisio Augusto Cotrim Segurado Vice-Reitora Profa. Dra. Liedi L\u00e9gi Bariani Bernucci Comit\u00ea Cient\u00edfico do Programa de Apoio \u00e0s Publica\u00e7\u00f5es Cient\u00edficas Peri\u00f3dicas da USP (2026-\u00a0 \u00a0 \u00a0 \u00a0) Presidente: Prof. Dr. Francisco Carlos Paletta &#8211; ABCD\/ECA\/USP Coordena\u00e7\u00e3o Executiva: Bibliotec\u00e1ria Dra. Elisabeth Adriana [&hellip;]<\/p>\n","protected":false},"author":10,"featured_media":0,"parent":0,"menu_order":0,"comment_status":"closed","ping_status":"closed","template":"","meta":{"_acf_changed":false,"footnotes":"","_links_to":"","_links_to_target":""},"acf":[],"yoast_head":"<!-- This site is optimized with the Yoast SEO plugin v24.5 - https:\/\/yoast.com\/wordpress\/plugins\/seo\/ -->\n<title>Comit\u00ea Cient\u00edfico - Portal de Revistas da USP<\/title>\n<meta name=\"robots\" content=\"index, follow, max-snippet:-1, max-image-preview:large, max-video-preview:-1\" \/>\n<link rel=\"canonical\" href=\"https:\/\/revistas.usp.br\/wp\/comite-cientifico\/\" \/>\n<meta property=\"og:locale\" content=\"pt_BR\" \/>\n<meta property=\"og:type\" content=\"article\" \/>\n<meta property=\"og:title\" content=\"Comit\u00ea Cient\u00edfico - Portal de Revistas da USP\" \/>\n<meta property=\"og:description\" content=\"Universidade de S\u00e3o Paulo &#8211; Ag\u00eancia de Bibliotecas e Cole\u00e7\u00f5es Digitais Reitor Prof. Dr. Aluisio Augusto Cotrim Segurado Vice-Reitora Profa. Dra. Liedi L\u00e9gi Bariani Bernucci Comit\u00ea Cient\u00edfico do Programa de Apoio \u00e0s Publica\u00e7\u00f5es Cient\u00edficas Peri\u00f3dicas da USP (2026-\u00a0 \u00a0 \u00a0 \u00a0) Presidente: Prof. Dr. Francisco Carlos Paletta &#8211; ABCD\/ECA\/USP Coordena\u00e7\u00e3o Executiva: Bibliotec\u00e1ria Dra. Elisabeth Adriana [&hellip;]\" \/>\n<meta property=\"og:url\" content=\"https:\/\/revistas.usp.br\/wp\/comite-cientifico\/\" \/>\n<meta property=\"og:site_name\" content=\"Portal de Revistas da USP\" \/>\n<meta property=\"article:modified_time\" content=\"2026-03-10T11:20:42+00:00\" \/>\n<meta name=\"twitter:card\" content=\"summary_large_image\" \/>\n<meta name=\"twitter:label1\" content=\"Est. tempo de leitura\" \/>\n\t<meta name=\"twitter:data1\" content=\"1 minuto\" \/>\n<script type=\"application\/ld+json\" class=\"yoast-schema-graph\">{\"@context\":\"https:\/\/schema.org\",\"@graph\":[{\"@type\":\"WebPage\",\"@id\":\"https:\/\/revistas.usp.br\/wp\/comite-cientifico\/\",\"url\":\"https:\/\/revistas.usp.br\/wp\/comite-cientifico\/\",\"name\":\"Comit\u00ea Cient\u00edfico - Portal de Revistas da USP\",\"isPartOf\":{\"@id\":\"https:\/\/revistas.usp.br\/wp\/#website\"},\"datePublished\":\"2020-04-05T23:31:26+00:00\",\"dateModified\":\"2026-03-10T11:20:42+00:00\",\"breadcrumb\":{\"@id\":\"https:\/\/revistas.usp.br\/wp\/comite-cientifico\/#breadcrumb\"},\"inLanguage\":\"pt-BR\",\"potentialAction\":[{\"@type\":\"ReadAction\",\"target\":[\"https:\/\/revistas.usp.br\/wp\/comite-cientifico\/\"]}]},{\"@type\":\"BreadcrumbList\",\"@id\":\"https:\/\/revistas.usp.br\/wp\/comite-cientifico\/#breadcrumb\",\"itemListElement\":[{\"@type\":\"ListItem\",\"position\":1,\"name\":\"In\u00edcio\",\"item\":\"https:\/\/www.revistas.usp.br\/wp\/\"},{\"@type\":\"ListItem\",\"position\":2,\"name\":\"Comit\u00ea Cient\u00edfico\"}]},{\"@type\":\"WebSite\",\"@id\":\"https:\/\/revistas.usp.br\/wp\/#website\",\"url\":\"https:\/\/revistas.usp.br\/wp\/\",\"name\":\"Portal de Revistas da USP\",\"description\":\"Portal das revistas cient\u00edficas editadas oficialmente pela Universidade de S\u00e3o Paulo\",\"potentialAction\":[{\"@type\":\"SearchAction\",\"target\":{\"@type\":\"EntryPoint\",\"urlTemplate\":\"https:\/\/revistas.usp.br\/wp\/?s={search_term_string}\"},\"query-input\":{\"@type\":\"PropertyValueSpecification\",\"valueRequired\":true,\"valueName\":\"search_term_string\"}}],\"inLanguage\":\"pt-BR\"}]}<\/script>\n<!-- \/ Yoast SEO plugin. -->","yoast_head_json":{"title":"Comit\u00ea Cient\u00edfico - Portal de Revistas da USP","robots":{"index":"index","follow":"follow","max-snippet":"max-snippet:-1","max-image-preview":"max-image-preview:large","max-video-preview":"max-video-preview:-1"},"canonical":"https:\/\/revistas.usp.br\/wp\/comite-cientifico\/","og_locale":"pt_BR","og_type":"article","og_title":"Comit\u00ea Cient\u00edfico - Portal de Revistas da USP","og_description":"Universidade de S\u00e3o Paulo &#8211; Ag\u00eancia de Bibliotecas e Cole\u00e7\u00f5es Digitais Reitor Prof. Dr. Aluisio Augusto Cotrim Segurado Vice-Reitora Profa. Dra. Liedi L\u00e9gi Bariani Bernucci Comit\u00ea Cient\u00edfico do Programa de Apoio \u00e0s Publica\u00e7\u00f5es Cient\u00edficas Peri\u00f3dicas da USP (2026-\u00a0 \u00a0 \u00a0 \u00a0) Presidente: Prof. Dr. Francisco Carlos Paletta &#8211; ABCD\/ECA\/USP Coordena\u00e7\u00e3o Executiva: Bibliotec\u00e1ria Dra. Elisabeth Adriana [&hellip;]","og_url":"https:\/\/revistas.usp.br\/wp\/comite-cientifico\/","og_site_name":"Portal de Revistas da USP","article_modified_time":"2026-03-10T11:20:42+00:00","twitter_card":"summary_large_image","twitter_misc":{"Est. tempo de leitura":"1 minuto"},"schema":{"@context":"https:\/\/schema.org","@graph":[{"@type":"WebPage","@id":"https:\/\/revistas.usp.br\/wp\/comite-cientifico\/","url":"https:\/\/revistas.usp.br\/wp\/comite-cientifico\/","name":"Comit\u00ea Cient\u00edfico - Portal de Revistas da USP","isPartOf":{"@id":"https:\/\/revistas.usp.br\/wp\/#website"},"datePublished":"2020-04-05T23:31:26+00:00","dateModified":"2026-03-10T11:20:42+00:00","breadcrumb":{"@id":"https:\/\/revistas.usp.br\/wp\/comite-cientifico\/#breadcrumb"},"inLanguage":"pt-BR","potentialAction":[{"@type":"ReadAction","target":["https:\/\/revistas.usp.br\/wp\/comite-cientifico\/"]}]},{"@type":"BreadcrumbList","@id":"https:\/\/revistas.usp.br\/wp\/comite-cientifico\/#breadcrumb","itemListElement":[{"@type":"ListItem","position":1,"name":"In\u00edcio","item":"https:\/\/www.revistas.usp.br\/wp\/"},{"@type":"ListItem","position":2,"name":"Comit\u00ea Cient\u00edfico"}]},{"@type":"WebSite","@id":"https:\/\/revistas.usp.br\/wp\/#website","url":"https:\/\/revistas.usp.br\/wp\/","name":"Portal de Revistas da USP","description":"Portal das revistas cient\u00edficas editadas oficialmente pela Universidade de S\u00e3o Paulo","potentialAction":[{"@type":"SearchAction","target":{"@type":"EntryPoint","urlTemplate":"https:\/\/revistas.usp.br\/wp\/?s={search_term_string}"},"query-input":{"@type":"PropertyValueSpecification","valueRequired":true,"valueName":"search_term_string"}}],"inLanguage":"pt-BR"}]}},"_links":{"self":[{"href":"https:\/\/revistas.usp.br\/wp\/wp-json\/wp\/v2\/pages\/4091"}],"collection":[{"href":"https:\/\/revistas.usp.br\/wp\/wp-json\/wp\/v2\/pages"}],"about":[{"href":"https:\/\/revistas.usp.br\/wp\/wp-json\/wp\/v2\/types\/page"}],"author":[{"embeddable":true,"href":"https:\/\/revistas.usp.br\/wp\/wp-json\/wp\/v2\/users\/10"}],"replies":[{"embeddable":true,"href":"https:\/\/revistas.usp.br\/wp\/wp-json\/wp\/v2\/comments?post=4091"}],"version-history":[{"count":27,"href":"https:\/\/revistas.usp.br\/wp\/wp-json\/wp\/v2\/pages\/4091\/revisions"}],"predecessor-version":[{"id":12827,"href":"https:\/\/revistas.usp.br\/wp\/wp-json\/wp\/v2\/pages\/4091\/revisions\/12827"}],"wp:attachment":[{"href":"https:\/\/revistas.usp.br\/wp\/wp-json\/wp\/v2\/media?parent=4091"}],"curies":[{"name":"wp","href":"https:\/\/api.w.org\/{rel}","templated":true}]}}